{"id":1823,"date":"2026-01-08T14:19:31","date_gmt":"2026-01-08T19:19:31","guid":{"rendered":"https:\/\/tricotwp.com\/?page_id=1823"},"modified":"2026-01-08T15:26:49","modified_gmt":"2026-01-08T20:26:49","slug":"blogue","status":"publish","type":"page","link":"https:\/\/tricotwp.com\/en\/blogue\/","title":{"rendered":"Blogue"},"content":{"rendered":"[vc_row type=\u00a0\u00bbfull_width_content\u00a0\u00bb full_screen_row_position=\u00a0\u00bbmiddle\u00a0\u00bb column_margin=\u00a0\u00bbdefault\u00a0\u00bb equal_height=\u00a0\u00bbyes\u00a0\u00bb column_direction=\u00a0\u00bbdefault\u00a0\u00bb column_direction_tablet=\u00a0\u00bbdefault\u00a0\u00bb column_direction_phone=\u00a0\u00bbdefault\u00a0\u00bb bg_color=\u00a0\u00bb#E3EDFF\u00a0\u00bb scene_position=\u00a0\u00bbcenter\u00a0\u00bb text_color=\u00a0\u00bblight\u00a0\u00bb text_align=\u00a0\u00bbleft\u00a0\u00bb row_border_radius=\u00a0\u00bbcustom\u00a0\u00bb row_border_radius_applies=\u00a0\u00bbbg\u00a0\u00bb bottom_right_border_radius=\u00a0\u00bb40px\u00a0\u00bb bottom_left_border_radius=\u00a0\u00bb40px\u00a0\u00bb row_position_desktop=\u00a0\u00bbdefault\u00a0\u00bb row_position_tablet=\u00a0\u00bbinherit\u00a0\u00bb row_position_phone=\u00a0\u00bbinherit\u00a0\u00bb overflow=\u00a0\u00bbhidden\u00a0\u00bb enable_gradient=\u00a0\u00bbtrue\u00a0\u00bb color_overlay=\u00a0\u00bb#98C5FF\u00a0\u00bb advanced_gradient_angle=\u00a0\u00bb15&Prime; overlay_strength=\u00a0\u00bb0.5&Prime; gradient_direction=\u00a0\u00bbleft_to_right\u00a0\u00bb shape_divider_position=\u00a0\u00bbbottom\u00a0\u00bb bg_image_animation=\u00a0\u00bbclip-path\u00a0\u00bb clip_path_animation_type=\u00a0\u00bbdefault\u00a0\u00bb clip_path_animation_applies=\u00a0\u00bbdefault\u00a0\u00bb clip_path_animation_addon=\u00a0\u00bbnone\u00a0\u00bb video_mute=\u00a0\u00bbtrue\u00a0\u00bb shape_type=\u00a0\u00bbcurve_asym_2&Prime; gradient_type=\u00a0\u00bbdefault\u00a0\u00bb][vc_column column_padding=\u00a0\u00bbno-extra-padding\u00a0\u00bb column_padding_tablet=\u00a0\u00bbinherit\u00a0\u00bb column_padding_phone=\u00a0\u00bbinherit\u00a0\u00bb column_padding_position=\u00a0\u00bball\u00a0\u00bb flex_gap_desktop=\u00a0\u00bb10px\u00a0\u00bb column_element_direction_desktop=\u00a0\u00bbdefault\u00a0\u00bb column_element_spacing=\u00a0\u00bb0px\u00a0\u00bb desktop_text_alignment=\u00a0\u00bbdefault\u00a0\u00bb tablet_text_alignment=\u00a0\u00bbdefault\u00a0\u00bb phone_text_alignment=\u00a0\u00bbdefault\u00a0\u00bb background_color_opacity=\u00a0\u00bb1&Prime; background_hover_color_opacity=\u00a0\u00bb1&Prime; column_backdrop_filter=\u00a0\u00bbnone\u00a0\u00bb column_shadow=\u00a0\u00bbnone\u00a0\u00bb column_border_radius=\u00a0\u00bbnone\u00a0\u00bb column_link_target=\u00a0\u00bb_self\u00a0\u00bb column_position=\u00a0\u00bbstatic\u00a0\u00bb advanced_gradient_angle=\u00a0\u00bb0&Prime; gradient_direction=\u00a0\u00bbleft_to_right\u00a0\u00bb overlay_strength=\u00a0\u00bb0.3&Prime; width=\u00a0\u00bb1\/1&Prime; tablet_width_inherit=\u00a0\u00bbdefault\u00a0\u00bb animation_type=\u00a0\u00bbdefault\u00a0\u00bb bg_image_animation=\u00a0\u00bbnone\u00a0\u00bb border_type=\u00a0\u00bbsimple\u00a0\u00bb column_border_width=\u00a0\u00bbnone\u00a0\u00bb column_border_style=\u00a0\u00bbsolid\u00a0\u00bb gradient_type=\u00a0\u00bbdefault\u00a0\u00bb column_padding_type=\u00a0\u00bbdefault\u00a0\u00bb][vc_row_inner equal_height=\u00a0\u00bbyes\u00a0\u00bb content_placement=\u00a0\u00bbbottom\u00a0\u00bb column_margin=\u00a0\u00bbcustom\u00a0\u00bb column_margin_custom=\u00a0\u00bb6vw\u00a0\u00bb column_direction=\u00a0\u00bbdefault\u00a0\u00bb column_direction_tablet=\u00a0\u00bbdefault\u00a0\u00bb column_direction_phone=\u00a0\u00bbdefault\u00a0\u00bb top_padding=\u00a0\u00bb16%\u00a0\u00bb bottom_padding=\u00a0\u00bb5%\u00a0\u00bb left_padding_desktop=\u00a0\u00bb10%\u00a0\u00bb constrain_group_2=\u00a0\u00bbyes\u00a0\u00bb right_padding_desktop=\u00a0\u00bb10%\u00a0\u00bb top_padding_tablet=\u00a0\u00bb20%\u00a0\u00bb top_padding_phone=\u00a0\u00bb25%\u00a0\u00bb left_padding_phone=\u00a0\u00bb14%\u00a0\u00bb constrain_group_6=\u00a0\u00bbyes\u00a0\u00bb right_padding_phone=\u00a0\u00bb14%\u00a0\u00bb text_align=\u00a0\u00bbleft\u00a0\u00bb row_position=\u00a0\u00bbdefault\u00a0\u00bb row_position_tablet=\u00a0\u00bbinherit\u00a0\u00bb row_position_phone=\u00a0\u00bbinherit\u00a0\u00bb overflow=\u00a0\u00bbvisible\u00a0\u00bb pointer_events=\u00a0\u00bball\u00a0\u00bb][vc_column_inner left_padding_tablet=\u00a0\u00bb10%\u00a0\u00bb constrain_group_103=\u00a0\u00bbyes\u00a0\u00bb right_padding_tablet=\u00a0\u00bb10%\u00a0\u00bb left_padding_phone=\u00a0\u00bb0&Prime; right_padding_phone=\u00a0\u00bb0&Prime; flex_gap_desktop=\u00a0\u00bb10px\u00a0\u00bb column_element_direction_desktop=\u00a0\u00bbdefault\u00a0\u00bb column_element_spacing=\u00a0\u00bb5px\u00a0\u00bb desktop_text_alignment=\u00a0\u00bbdefault\u00a0\u00bb tablet_text_alignment=\u00a0\u00bbcenter\u00a0\u00bb phone_text_alignment=\u00a0\u00bbcenter\u00a0\u00bb background_color_opacity=\u00a0\u00bb1&Prime; background_hover_color_opacity=\u00a0\u00bb1&Prime; column_backdrop_filter=\u00a0\u00bbnone\u00a0\u00bb column_shadow=\u00a0\u00bbnone\u00a0\u00bb column_border_radius=\u00a0\u00bbnone\u00a0\u00bb column_link_target=\u00a0\u00bb_self\u00a0\u00bb overflow=\u00a0\u00bbvisible\u00a0\u00bb advanced_gradient_angle=\u00a0\u00bb0&Prime; gradient_direction=\u00a0\u00bbleft_to_right\u00a0\u00bb overlay_strength=\u00a0\u00bb1&Prime; width=\u00a0\u00bb3\/5&Prime; tablet_width_inherit=\u00a0\u00bbdefault\u00a0\u00bb animation_type=\u00a0\u00bbdefault\u00a0\u00bb enable_animation=\u00a0\u00bbtrue\u00a0\u00bb animation=\u00a0\u00bbslight-fade-in-from-bottom\u00a0\u00bb animation_easing=\u00a0\u00bbdefault\u00a0\u00bb bg_image_animation=\u00a0\u00bbnone\u00a0\u00bb border_type=\u00a0\u00bbsimple\u00a0\u00bb column_border_width=\u00a0\u00bbnone\u00a0\u00bb column_border_color=\u00a0\u00bbrgba(255,255,255,0.22)\u00a0\u00bb column_border_style=\u00a0\u00bbsolid\u00a0\u00bb gradient_type=\u00a0\u00bbdefault\u00a0\u00bb column_padding_type=\u00a0\u00bbadvanced\u00a0\u00bb delay=\u00a0\u00bb400&Prime;][nectar_highlighted_text text_color=\u00a0\u00bb#141443&Prime; scribble_color=\u00a0\u00bb#ffffff\u00a0\u00bb style=\u00a0\u00bbscribble\u00a0\u00bb scribble_shape=\u00a0\u00bbbasic-underline\u00a0\u00bb scribble_thickness=\u00a0\u00bbthin\u00a0\u00bb scribble_speed=\u00a0\u00bb1.3s\u00a0\u00bb scribble_easing=\u00a0\u00bbease_in_out\u00a0\u00bb delay=\u00a0\u00bb400&Prime; text_direction=\u00a0\u00bbdefault\u00a0\u00bb]\n<h1><strong>Blogue<br \/>\n<\/strong><\/h1>\n[\/nectar_highlighted_text][\/vc_column_inner][vc_column_inner left_padding_tablet=\u00a0\u00bb20%\u00a0\u00bb constrain_group_103=\u00a0\u00bbyes\u00a0\u00bb right_padding_tablet=\u00a0\u00bb20%\u00a0\u00bb left_padding_phone=\u00a0\u00bb8%\u00a0\u00bb constrain_group_105=\u00a0\u00bbyes\u00a0\u00bb right_padding_phone=\u00a0\u00bb8%\u00a0\u00bb top_margin_tablet=\u00a0\u00bb40&Prime; flex_gap_desktop=\u00a0\u00bb10px\u00a0\u00bb column_element_direction_desktop=\u00a0\u00bbdefault\u00a0\u00bb column_element_spacing=\u00a0\u00bb10px\u00a0\u00bb desktop_text_alignment=\u00a0\u00bbdefault\u00a0\u00bb tablet_text_alignment=\u00a0\u00bbcenter\u00a0\u00bb phone_text_alignment=\u00a0\u00bbcenter\u00a0\u00bb background_color_opacity=\u00a0\u00bb1&Prime; background_hover_color_opacity=\u00a0\u00bb1&Prime; column_backdrop_filter=\u00a0\u00bbnone\u00a0\u00bb column_shadow=\u00a0\u00bbnone\u00a0\u00bb column_border_radius=\u00a0\u00bbnone\u00a0\u00bb column_link_target=\u00a0\u00bb_self\u00a0\u00bb overflow=\u00a0\u00bbvisible\u00a0\u00bb gradient_direction=\u00a0\u00bbleft_to_right\u00a0\u00bb overlay_strength=\u00a0\u00bb0.3&Prime; width=\u00a0\u00bb2\/5&Prime; tablet_width_inherit=\u00a0\u00bbdefault\u00a0\u00bb animation_type=\u00a0\u00bbdefault\u00a0\u00bb enable_animation=\u00a0\u00bbtrue\u00a0\u00bb animation=\u00a0\u00bbslight-fade-in-from-bottom\u00a0\u00bb animation_easing=\u00a0\u00bbdefault\u00a0\u00bb bg_image_animation=\u00a0\u00bbnone\u00a0\u00bb border_type=\u00a0\u00bbsimple\u00a0\u00bb column_border_width=\u00a0\u00bbnone\u00a0\u00bb column_border_style=\u00a0\u00bbsolid\u00a0\u00bb column_padding_type=\u00a0\u00bbadvanced\u00a0\u00bb gradient_type=\u00a0\u00bbdefault\u00a0\u00bb delay=\u00a0\u00bb500&Prime;][\/vc_column_inner][\/vc_row_inner][\/vc_column][\/vc_row][vc_row type=\u00a0\u00bbin_container\u00a0\u00bb full_screen_row_position=\u00a0\u00bbmiddle\u00a0\u00bb column_margin=\u00a0\u00bbdefault\u00a0\u00bb column_direction=\u00a0\u00bbdefault\u00a0\u00bb column_direction_tablet=\u00a0\u00bbdefault\u00a0\u00bb column_direction_phone=\u00a0\u00bbdefault\u00a0\u00bb scene_position=\u00a0\u00bbcenter\u00a0\u00bb top_padding=\u00a0\u00bb60px\u00a0\u00bb bottom_padding=\u00a0\u00bb60px\u00a0\u00bb text_color=\u00a0\u00bbdark\u00a0\u00bb text_align=\u00a0\u00bbleft\u00a0\u00bb row_border_radius=\u00a0\u00bbnone\u00a0\u00bb row_border_radius_applies=\u00a0\u00bbbg\u00a0\u00bb row_position_desktop=\u00a0\u00bbdefault\u00a0\u00bb row_position_tablet=\u00a0\u00bbinherit\u00a0\u00bb row_position_phone=\u00a0\u00bbinherit\u00a0\u00bb overflow=\u00a0\u00bbvisible\u00a0\u00bb overlay_strength=\u00a0\u00bb0.3&Prime; gradient_direction=\u00a0\u00bbleft_to_right\u00a0\u00bb shape_divider_position=\u00a0\u00bbbottom\u00a0\u00bb bg_image_animation=\u00a0\u00bbnone\u00a0\u00bb gradient_type=\u00a0\u00bbdefault\u00a0\u00bb shape_type=\u00a0\u00bb\u00a0\u00bb][vc_column column_padding=\u00a0\u00bbno-extra-padding\u00a0\u00bb column_padding_tablet=\u00a0\u00bbinherit\u00a0\u00bb column_padding_phone=\u00a0\u00bbinherit\u00a0\u00bb column_padding_position=\u00a0\u00bball\u00a0\u00bb flex_gap_desktop=\u00a0\u00bb10px\u00a0\u00bb column_element_direction_desktop=\u00a0\u00bbdefault\u00a0\u00bb column_element_spacing=\u00a0\u00bbdefault\u00a0\u00bb desktop_text_alignment=\u00a0\u00bbdefault\u00a0\u00bb tablet_text_alignment=\u00a0\u00bbdefault\u00a0\u00bb phone_text_alignment=\u00a0\u00bbdefault\u00a0\u00bb background_color_opacity=\u00a0\u00bb1&Prime; background_hover_color_opacity=\u00a0\u00bb1&Prime; column_backdrop_filter=\u00a0\u00bbnone\u00a0\u00bb column_shadow=\u00a0\u00bbnone\u00a0\u00bb column_border_radius=\u00a0\u00bbnone\u00a0\u00bb column_link_target=\u00a0\u00bb_self\u00a0\u00bb column_position=\u00a0\u00bbdefault\u00a0\u00bb gradient_direction=\u00a0\u00bbleft_to_right\u00a0\u00bb overlay_strength=\u00a0\u00bb0.3&Prime; width=\u00a0\u00bb1\/1&Prime; tablet_width_inherit=\u00a0\u00bbdefault\u00a0\u00bb animation_type=\u00a0\u00bbdefault\u00a0\u00bb bg_image_animation=\u00a0\u00bbnone\u00a0\u00bb border_type=\u00a0\u00bbsimple\u00a0\u00bb column_border_width=\u00a0\u00bbnone\u00a0\u00bb column_border_style=\u00a0\u00bbsolid\u00a0\u00bb][vc_column_text css=\u00a0\u00bb\u00a0\u00bb text_direction=\u00a0\u00bbdefault\u00a0\u00bb]        <div class=\"tg-blog-listing tg-columns-3\">\n                                    <article class=\"tg-blog-card\" data-order=\"1\" style=\"order: 1\">\n            <a href=\"https:\/\/tricotwp.com\/en\/developper-lextension-multilingue-quon-cherchait-lhistoire-de-tricot\/\" class=\"tg-blog-card-link\">\n                <div class=\"tg-blog-card-thumbnail\">\n                            <div class=\"tg-thumbnail-card\" id=\"tg-thumb-1\">\n            <style>\n                #tg-thumb-1 {\n                    --tg-bg-color: #E8EEF8;\n                    --tg-band-color: #C5D4EE;\n                    --tg-text-color: #1E1E5A;\n                }\n            <\/style>\n            <div class=\"tg-thumbnail-inner\">\n                <div class=\"tg-thumbnail-bands\">\n                    <div class=\"tg-band\" style=\"top: -36.4%; left: 10.0%; width: 134px; height: 267%; transform: rotate(-61.0deg);\"><\/div><div class=\"tg-band\" style=\"top: 41.4%; left: 1.0%; width: 131px; height: 291%; transform: rotate(-58.0deg);\"><\/div>                <\/div>\n                <div class=\"tg-thumbnail-content\">\n                    <span class=\"tg-thumbnail-text\">D\u00e9velopper l\u2019extension multilingue qu\u2019on cherchait : l\u2019histoire de Tricot<\/span>\n                <\/div>\n            <\/div>\n        <\/div>\n                        <\/div>\n                <div class=\"tg-blog-card-content\">\n                    <h3 class=\"tg-blog-card-title\">D\u00e9velopper l\u2019extension multilingue qu\u2019on cherchait : l\u2019histoire de Tricot<\/h3>\n                                            <time class=\"tg-blog-card-date\" datetime=\"2026-01-08T14:42:51-05:00\">\n                            8 January 2026                        <\/time>\n                                                                <p class=\"tg-blog-card-excerpt\">Une id\u00e9e qui ne na\u00eet pas d&#039;une intuition, mais d&#039;un ras-le-bol.<\/p>\n                                    <\/div>\n            <\/a>\n        <\/article>\n                                            <article class=\"tg-blog-card\" data-order=\"2\" style=\"order: 2\">\n            <a href=\"https:\/\/tricotwp.com\/en\/choisir-tricot-traduire-site-wordpress-multilingue-adieu-wpml\/\" class=\"tg-blog-card-link\">\n                <div class=\"tg-blog-card-thumbnail\">\n                            <div class=\"tg-thumbnail-card\" id=\"tg-thumb-2\">\n            <style>\n                #tg-thumb-2 {\n                    --tg-bg-color: #2A2A70;\n                    --tg-band-color: #4545B0;\n                    --tg-text-color: #FFFFFF;\n                }\n            <\/style>\n            <div class=\"tg-thumbnail-inner\">\n                <div class=\"tg-thumbnail-bands\">\n                    <div class=\"tg-band\" style=\"top: -26.9%; left: 60.0%; width: 108px; height: 277%; transform: rotate(35.0deg);\"><\/div><div class=\"tg-band\" style=\"top: 12.6%; left: -29.0%; width: 113px; height: 265%; transform: rotate(-57.0deg);\"><\/div><div class=\"tg-band\" style=\"top: 78.0%; left: -10.0%; width: 101px; height: 284%; transform: rotate(-44.0deg);\"><\/div>                <\/div>\n                <div class=\"tg-thumbnail-content\">\n                    <span class=\"tg-thumbnail-text\">Pourquoi choisir Tricot pour votre site WordPress multilingue<\/span>\n                <\/div>\n            <\/div>\n        <\/div>\n                        <\/div>\n                <div class=\"tg-blog-card-content\">\n                    <h3 class=\"tg-blog-card-title\">4 raisons de choisir Tricot pour votre site WordPress multilingue<\/h3>\n                                            <time class=\"tg-blog-card-date\" datetime=\"2026-01-08T10:42:04-05:00\">\n                            8 January 2026                        <\/time>\n                                                                <p class=\"tg-blog-card-excerpt\">Rendre un site WordPress multilingue est une \u00e9tape structurante qui a des impacts directs sur la qualit\u00e9 du contenu, le r\u00e9f\u00e9rencement dans chacune des langues, la maintenance \u00e0 long terme et les co\u00fbts d\u2019un site Web. Il est temps de dire adieu \u00e0 WPML!<\/p>\n                                    <\/div>\n            <\/a>\n        <\/article>\n                            <\/div>\n        [\/vc_column_text][\/vc_column][\/vc_row]\n","protected":false},"excerpt":{"rendered":"<p>[vc_row type=\u00a0\u00bbfull_width_content\u00a0\u00bb full_screen_row_position=\u00a0\u00bbmiddle\u00a0\u00bb column_margin=\u00a0\u00bbdefault\u00a0\u00bb equal_height=\u00a0\u00bbyes\u00a0\u00bb column_direction=\u00a0\u00bbdefault\u00a0\u00bb column_direction_tablet=\u00a0\u00bbdefault\u00a0\u00bb column_direction_phone=\u00a0\u00bbdefault\u00a0\u00bb bg_color=\u00a0\u00bb#E3EDFF\u00a0\u00bb scene_position=\u00a0\u00bbcenter\u00a0\u00bb text_color=\u00a0\u00bblight\u00a0\u00bb text_align=\u00a0\u00bbleft\u00a0\u00bb row_border_radius=\u00a0\u00bbcustom\u00a0\u00bb row_border_radius_applies=\u00a0\u00bbbg\u00a0\u00bb bottom_right_border_radius=\u00a0\u00bb40px\u00a0\u00bb bottom_left_border_radius=\u00a0\u00bb40px\u00a0\u00bb row_position_desktop=\u00a0\u00bbdefault\u00a0\u00bb row_position_tablet=\u00a0\u00bbinherit\u00a0\u00bb row_position_phone=\u00a0\u00bbinherit\u00a0\u00bb overflow=\u00a0\u00bbhidden\u00a0\u00bb enable_gradient=\u00a0\u00bbtrue\u00a0\u00bb color_overlay=\u00a0\u00bb#98C5FF\u00a0\u00bb advanced_gradient_angle=\u00a0\u00bb15&Prime; overlay_strength=\u00a0\u00bb0.5&Prime; gradient_direction=\u00a0\u00bbleft_to_right\u00a0\u00bb shape_divider_position=\u00a0\u00bbbottom\u00a0\u00bb bg_image_animation=\u00a0\u00bbclip-path\u00a0\u00bb clip_path_animation_type=\u00a0\u00bbdefault\u00a0\u00bb clip_path_animation_applies=\u00a0\u00bbdefault\u00a0\u00bb clip_path_animation_addon=\u00a0\u00bbnone\u00a0\u00bb video_mute=\u00a0\u00bbtrue\u00a0\u00bb shape_type=\u00a0\u00bbcurve_asym_2&Prime; gradient_type=\u00a0\u00bbdefault\u00a0\u00bb][vc_column column_padding=\u00a0\u00bbno-extra-padding\u00a0\u00bb column_padding_tablet=\u00a0\u00bbinherit\u00a0\u00bb column_padding_phone=\u00a0\u00bbinherit\u00a0\u00bb column_padding_position=\u00a0\u00bball\u00a0\u00bb flex_gap_desktop=\u00a0\u00bb10px\u00a0\u00bb column_element_direction_desktop=\u00a0\u00bbdefault\u00a0\u00bb column_element_spacing=\u00a0\u00bb0px\u00a0\u00bb desktop_text_alignment=\u00a0\u00bbdefault\u00a0\u00bb tablet_text_alignment=\u00a0\u00bbdefault\u00a0\u00bb phone_text_alignment=\u00a0\u00bbdefault\u00a0\u00bb background_color_opacity=\u00a0\u00bb1&Prime; background_hover_color_opacity=\u00a0\u00bb1&Prime; column_backdrop_filter=\u00a0\u00bbnone\u00a0\u00bb column_shadow=\u00a0\u00bbnone\u00a0\u00bb column_border_radius=\u00a0\u00bbnone\u00a0\u00bb column_link_target=\u00a0\u00bb_self\u00a0\u00bb column_position=\u00a0\u00bbstatic\u00a0\u00bb&#8230;<\/p>\n","protected":false},"author":2,"featured_media":0,"parent":0,"menu_order":0,"comment_status":"closed","ping_status":"closed","template":"","meta":{"_acf_changed":false,"_seopress_robots_primary_cat":"","_seopress_titles_title":"","_seopress_titles_desc":"","_seopress_robots_index":"","inline_featured_image":false,"footnotes":""},"class_list":["post-1823","page","type-page","status-publish"],"acf":[],"_links":{"self":[{"href":"https:\/\/tricotwp.com\/en\/wp-json\/wp\/v2\/pages\/1823","targetHints":{"allow":["GET"]}}],"collection":[{"href":"https:\/\/tricotwp.com\/en\/wp-json\/wp\/v2\/pages"}],"about":[{"href":"https:\/\/tricotwp.com\/en\/wp-json\/wp\/v2\/types\/page"}],"author":[{"embeddable":true,"href":"https:\/\/tricotwp.com\/en\/wp-json\/wp\/v2\/users\/2"}],"replies":[{"embeddable":true,"href":"https:\/\/tricotwp.com\/en\/wp-json\/wp\/v2\/comments?post=1823"}],"version-history":[{"count":11,"href":"https:\/\/tricotwp.com\/en\/wp-json\/wp\/v2\/pages\/1823\/revisions"}],"predecessor-version":[{"id":1857,"href":"https:\/\/tricotwp.com\/en\/wp-json\/wp\/v2\/pages\/1823\/revisions\/1857"}],"wp:attachment":[{"href":"https:\/\/tricotwp.com\/en\/wp-json\/wp\/v2\/media?parent=1823"}],"curies":[{"name":"wp","href":"https:\/\/api.w.org\/{rel}","templated":true}]}}